{"id":234,"date":"2020-03-11T09:58:51","date_gmt":"2020-03-11T08:58:51","guid":{"rendered":"http:\/\/vps794604.ovh.net\/?page_id=234"},"modified":"2026-01-30T10:18:07","modified_gmt":"2026-01-30T09:18:07","slug":"f-a-q","status":"publish","type":"page","link":"https:\/\/sistercatblankets.com\/index.php\/f-a-q","title":{"rendered":"F.A.Q."},"content":{"rendered":"\n<h2 class=\"wp-block-heading\">Qu&rsquo;est-ce qu&rsquo;une couverture lest\u00e9e?<\/h2>\n\n\n\n<p>Les couvertures lest\u00e9es sont lest\u00e9es avec des micro-billes de verre.  Les produits lest\u00e9s, gr\u00e2ce au poids r\u00e9parti sur tout le corps, apportent  une sensation de calme lorsqu\u2019on les pose sur soi en stimulant le sens  proprioceptif. Ils sont donc d\u2019une grande aide pour les personnes  autistes, hyperactives, ou anxieuses, pour se calmer et pour am\u00e9liorer le sommeil.  <\/p>\n\n\n\n<p class=\"has-text-align-left\">Plus de d\u00e9tails sont disponibles dans la section Pr\u00e9sentation !<\/p>\n\n\n\n<h2 class=\"wp-block-heading\">Quelles sont les caract\u00e9ristiques d&rsquo;une couverture lest\u00e9e?<\/h2>\n\n\n\n<p>La taille standard pour les couvertures pour adultes est de 1mx1,80m et la taille standard pour les couvertures pour enfants est de 0,9 \u00d7 1,40m. Mes couvertures lest\u00e9es sont en coton et peuvent \u00eatre lest\u00e9es avec des micro-billes de verre ou des poly-pellets en plastique. L&rsquo;option poly-pellets en plastique n&rsquo;est disponible que dans le cadre d&rsquo;une commande personnalis\u00e9e.<\/p>\n\n\n\n<p><\/p>\n\n\n\n<h2 class=\"wp-block-heading\">Quels sont les diff\u00e9rents types de produits propos\u00e9s ?<\/h2>\n\n\n\n<p>(cliquez les liens pour acc\u00e9der aux prix des produits)<\/p>\n\n\n\n<ul class=\"wp-block-list\">\n<li>Des couvertures lest\u00e9es <a href=\"http:\/\/wgoylty.cluster100.hosting.ovh.net\/index.php\/produit\/couverture-lestee-taille-enfant\" target=\"_blank\" rel=\"noreferrer noopener\">taille enfant<\/a> (de 1,5kg \u00e0 4,5kg), <a href=\"http:\/\/wgoylty.cluster100.hosting.ovh.net\/index.php\/produit\/couverture-lestee-taille-adulte\" target=\"_blank\" rel=\"noreferrer noopener\">taille adulte<\/a> (de 4,5kg \u00e0 9kg), et <a href=\"http:\/\/wgoylty.cluster100.hosting.ovh.net\/index.php\/produit\/couverture-lestee-extra-lourde\" target=\"_blank\" rel=\"noreferrer noopener\">extra -lourdes<\/a> (de 9,5kg \u00e0 13kg)<\/li>\n\n\n\n<li>Des <a href=\"http:\/\/wgoylty.cluster100.hosting.ovh.net\/index.php\/produit\/coussin-leste\" target=\"_blank\" rel=\"noreferrer noopener\">coussins lest\u00e9s<\/a> (de 500g \u00e0 3kg)<\/li>\n\n\n\n<li>Des <a href=\"http:\/\/wgoylty.cluster100.hosting.ovh.net\/index.php\/produit\/couverture-lestee-sans-poids\" target=\"_blank\" rel=\"noreferrer noopener\">couvertures lest\u00e9es \u00ab\u00a0sans poids\u00a0\u00bb<\/a> \u00e0 remplir soi-m\u00eame<\/li>\n\n\n\n<li>Des <a href=\"http:\/\/wgoylty.cluster100.hosting.ovh.net\/index.php\/produit\/couverture-lestee-tissu-recup\" target=\"_blank\" rel=\"noreferrer noopener\">couvertures lest\u00e9es fabriqu\u00e9es avec des chutes de tissu<\/a>, qui ont un prix inf\u00e9rieur \u00e0 une couverture lest\u00e9e typique<\/li>\n<\/ul>\n\n\n\n<h2 class=\"wp-block-heading\" id=\"block-f35513d8-e49f-4265-919a-56023c336984\">Vous voulez commander une couverture lest\u00e9e unique en son genre ?<\/h2>\n\n\n\n<p id=\"block-07a09ca9-9acd-4869-b736-ac6d90d8a227\">&nbsp;&nbsp;&nbsp;&nbsp;Si vous souhaitez une couverture lest\u00e9e avec une ou plusieurs des modifications suivantes, <strong><em><a href=\"http:\/\/wgoylty.cluster100.hosting.ovh.net\/index.php\/contact\">n&rsquo;h\u00e9sitez pas \u00e0 me contacter<\/a><\/em><\/strong> :<\/p>\n\n\n\n<ul class=\"wp-block-list\">\n<li>une autre taille (comme une couverture lest\u00e9e deux places)<\/li>\n\n\n\n<li>un autre tissu (que ce soit une autre mati\u00e8re ou un tissu \u00e0 motif)<\/li>\n\n\n\n<li>un autre poids (une couverture lest\u00e9e plus lourde que 13kg)<\/li>\n\n\n\n<li>un autre type de billes (comme des poly-pellets en plastique)<\/li>\n\n\n\n<li>une housse adapt\u00e9e \u00e0 votre couverture<\/li>\n\n\n\n<li>du molleton ou du rembourrage\u2026<\/li>\n<\/ul>\n\n\n\n<p id=\"block-e8e3d149-8a11-41d8-bc3f-f1d4fbf8a6db\">Je ferai de mon mieux pour cr\u00e9er la couverture lest\u00e9e parfaite pour vous! \ud83d\ude42<\/p>\n\n\n\n<h2 class=\"wp-block-heading\">Quel poids et quel type de billes dois-je choisir pour ma couverture lest\u00e9e?<\/h2>\n\n\n\n<p>Pour  savoir combien la couverture lest\u00e9e devrait peser, prenez 10 % du poids  de la personne qui va l&rsquo;utiliser et ajoutez 500g. Par exemple, une  personne pesant 60 kilos aurait besoin d\u2019une couverture pesant 6,5  kilos. <br> <br> Les poly-pellets en plastique co\u00fbtent 3 euros pour 500g, ont la  texture de grains de riz ronds, font un peu de bruit lorsque la  couverture bouge, et gardent un peu mieux la chaleur que le verre. Les  micro-billes de verre co\u00fbtent 0,5 euros pour 500g, ont la texture de  grains de sable, font tr\u00e8s peu de bruit, et sont plus fra\u00eeches au  toucher. L&rsquo;option poly-pellets en plastique n&rsquo;est disponible que dans le cadre d&rsquo;une commande personnalis\u00e9e.<\/p>\n\n\n\n<figure class=\"wp-block-image aligncenter size-large is-resized\"><img loading=\"lazy\" decoding=\"async\" width=\"1024\" height=\"768\" src=\"http:\/\/wgoylty.cluster100.hosting.ovh.net\/wp-content\/uploads\/2020\/02\/il_fullxfull.1724209304_suvp-1024x768.jpg\" alt=\"\" class=\"wp-image-62\" style=\"width:473px;height:355px\" srcset=\"https:\/\/sistercatblankets.com\/wp-content\/uploads\/2020\/02\/il_fullxfull.1724209304_suvp-1024x768.jpg 1024w, https:\/\/sistercatblankets.com\/wp-content\/uploads\/2020\/02\/il_fullxfull.1724209304_suvp-scaled-600x450.jpg 600w, https:\/\/sistercatblankets.com\/wp-content\/uploads\/2020\/02\/il_fullxfull.1724209304_suvp-300x225.jpg 300w, https:\/\/sistercatblankets.com\/wp-content\/uploads\/2020\/02\/il_fullxfull.1724209304_suvp-768x576.jpg 768w, https:\/\/sistercatblankets.com\/wp-content\/uploads\/2020\/02\/il_fullxfull.1724209304_suvp-1536x1152.jpg 1536w, https:\/\/sistercatblankets.com\/wp-content\/uploads\/2020\/02\/il_fullxfull.1724209304_suvp-2048x1536.jpg 2048w, https:\/\/sistercatblankets.com\/wp-content\/uploads\/2020\/02\/il_fullxfull.1724209304_suvp-scaled-324x243.jpg 324w, https:\/\/sistercatblankets.com\/wp-content\/uploads\/2020\/02\/il_fullxfull.1724209304_suvp-scaled-416x312.jpg 416w\" sizes=\"auto, (max-width: 1024px) 100vw, 1024px\" \/><figcaption class=\"wp-element-caption\">Photo de poly-pellets et micro-billes de verre<\/figcaption><\/figure>\n\n\n\n<h2 class=\"wp-block-heading\">Les couvertures lest\u00e9es sont-elles lavables?<\/h2>\n\n\n\n<p> Tous  les mat\u00e9riaux utilis\u00e9s pour fabriquer une couverture lest\u00e9e sont  compatibles avec les machines \u00e0 laver et les s\u00e9choirs, tant que la  machine est adapt\u00e9e au poids de la couverture. Privil\u00e9giez un cycle  doux, avec une temp\u00e9rature \u00e0 environ 30\u00b0C.<br> <br> Ces informations seront rappel\u00e9es sur l\u2019\u00e9tiquette de votre couverture.  Si vous voulez pr\u00e9server votre couverture entre les lavages, vous pouvez  utiliser une housse. De plus, si vous avez un chat, je conseille  fortement de prot\u00e9ger votre couverture avec une housse. <\/p>\n\n\n\n<h2 class=\"wp-block-heading\">Suivi de la commande et d\u00e9lai d&rsquo;exp\u00e9dition<\/h2>\n\n\n\n<p>Vous recevrez un second email avec votre num\u00e9ro de suivi lorsque votre commande sera termin\u00e9e et exp\u00e9di\u00e9e. Vous recevrez un exemplaire papier de votre facture dans votre colis. Si vous avez besoin d&rsquo;un exemplaire pdf, n&rsquo;h\u00e9sitez pas \u00e0 me contacter. Le d\u00e9lai moyen de fabrication actuel est de 2 \u00e0 3 semaines pour une couverture lest\u00e9e et de 1 \u00e0 2 semaines pour un coussin lest\u00e9, le d\u00e9lai exact peut varier selon la p\u00e9riode.<\/p>\n\n\n\n<h2 class=\"wp-block-heading\">Mise en garde<\/h2>\n\n\n\n<p>Utilisation d&rsquo;une couverture lest\u00e9e par un enfant: les couvertures lest\u00e9es ne sont pas adapt\u00e9es pour les enfants de moins de deux ans. Le poids d&rsquo;une couverture lest\u00e9e ne doit jamais d\u00e9passer le poids recommand\u00e9 pour un enfant. L&rsquo;enfant doit consentir \u00e0 l&rsquo;utilisation de la couverture lest\u00e9e. N&rsquo;h\u00e9sitez pas \u00e0 demander l&rsquo;avis d&rsquo;un professionnel de sant\u00e9 concernant l&rsquo;utilisation d&rsquo;une couverture lest\u00e9e par votre enfant.<\/p>\n\n\n\n<p> Comme  toute autre couverture, une couverture lest\u00e9e doit \u00eatre bien entretenue, nettoy\u00e9e r\u00e9guli\u00e8rement et entrepos\u00e9e dans un endroit propre et sec si vous ne l\u2019utilisez pas. De plus, \u00e0 cause de son poids, une couverture lest\u00e9e peut s\u2019ab\u00eemer au bout de quelques ann\u00e9es. Si le tissu se d\u00e9chire et que des poly-pellets ou des micro-billes de verre s\u2019\u00e9chappent par la d\u00e9chirure, arr\u00eatez d\u2019utiliser la couverture jusqu\u2019\u00e0 ce qu\u2019elle puisse \u00eatre r\u00e9par\u00e9e. Il est d\u00e9conseill\u00e9 pour les personnes qui n\u2019ont pas la force de soulever une couverture lest\u00e9e d&rsquo;en utiliser une pour des raisons de s\u00e9curit\u00e9. Il est n\u00e9cessaire de pouvoir la repousser en cas de besoin. Je ne peux pas \u00eatre tenue pour responsable si l\u2019usage incorrect d\u2019une couverture lest\u00e9e provoque des cons\u00e9quences n\u00e9fastes.<br> <br>Allergies: De plus, je vis dans une maison sans fumeurs, mais je vis avec un chat. Bien qu\u2019elle ne soit pas autoris\u00e9e dans la pi\u00e8ce quand je couds une  couverture lest\u00e9e, je ne peux pas garantir que les couvertures lest\u00e9es soient 100&nbsp;% sans poils de chat. <\/p>\n\n\n<p><!--EndFragment--><\/p>","protected":false},"excerpt":{"rendered":"<p>Qu&rsquo;est-ce qu&rsquo;une couverture lest\u00e9e? Les couvertures lest\u00e9es sont lest\u00e9es avec des micro-billes de verre. Les produits lest\u00e9s, gr\u00e2ce au poids r\u00e9parti sur tout le corps, apportent une sensation de calme lorsqu\u2019on les pose sur soi en stimulant le sens proprioceptif. Ils sont donc d\u2019une grande aide pour les personnes autistes, hyperactives, ou anxieuses, pour se [&hellip;]<\/p>\n","protected":false},"author":1,"featured_media":0,"parent":0,"menu_order":4,"comment_status":"closed","ping_status":"closed","template":"","meta":{"site-sidebar-layout":"default","site-content-layout":"","ast-site-content-layout":"default","site-content-style":"default","site-sidebar-style":"default","ast-global-header-display":"","ast-banner-title-visibility":"","ast-main-header-display":"","ast-hfb-above-header-display":"","ast-hfb-below-header-display":"","ast-hfb-mobile-header-display":"","site-post-title":"","ast-breadcrumbs-content":"","ast-featured-img":"","footer-sml-layout":"","theme-transparent-header-meta":"","adv-header-id-meta":"","stick-header-meta":"","header-above-stick-meta":"","header-main-stick-meta":"","header-below-stick-meta":"","astra-migrate-meta-layouts":"set","ast-page-background-enabled":"default","ast-page-background-meta":{"desktop":{"background-color":"var(--ast-global-color-4)","background-image":"","background-repeat":"repeat","background-position":"center center","background-size":"auto","background-attachment":"scroll","background-type":"","background-media":"","overlay-type":"","overlay-color":"","overlay-opacity":"","overlay-gradient":""},"tablet":{"background-color":"","background-image":"","background-repeat":"repeat","background-position":"center center","background-size":"auto","background-attachment":"scroll","background-type":"","background-media":"","overlay-type":"","overlay-color":"","overlay-opacity":"","overlay-gradient":""},"mobile":{"background-color":"","background-image":"","background-repeat":"repeat","background-position":"center center","background-size":"auto","background-attachment":"scroll","background-type":"","background-media":"","overlay-type":"","overlay-color":"","overlay-opacity":"","overlay-gradient":""}},"ast-content-background-meta":{"desktop":{"background-color":"var(--ast-global-color-5)","background-image":"","background-repeat":"repeat","background-position":"center center","background-size":"auto","background-attachment":"scroll","background-type":"","background-media":"","overlay-type":"","overlay-color":"","overlay-opacity":"","overlay-gradient":""},"tablet":{"background-color":"var(--ast-global-color-5)","background-image":"","background-repeat":"repeat","background-position":"center center","background-size":"auto","background-attachment":"scroll","background-type":"","background-media":"","overlay-type":"","overlay-color":"","overlay-opacity":"","overlay-gradient":""},"mobile":{"background-color":"var(--ast-global-color-5)","background-image":"","background-repeat":"repeat","background-position":"center center","background-size":"auto","background-attachment":"scroll","background-type":"","background-media":"","overlay-type":"","overlay-color":"","overlay-opacity":"","overlay-gradient":""}},"footnotes":""},"class_list":["post-234","page","type-page","status-publish","hentry"],"_links":{"self":[{"href":"https:\/\/sistercatblankets.com\/index.php\/wp-json\/wp\/v2\/pages\/234","targetHints":{"allow":["GET"]}}],"collection":[{"href":"https:\/\/sistercatblankets.com\/index.php\/wp-json\/wp\/v2\/pages"}],"about":[{"href":"https:\/\/sistercatblankets.com\/index.php\/wp-json\/wp\/v2\/types\/page"}],"author":[{"embeddable":true,"href":"https:\/\/sistercatblankets.com\/index.php\/wp-json\/wp\/v2\/users\/1"}],"replies":[{"embeddable":true,"href":"https:\/\/sistercatblankets.com\/index.php\/wp-json\/wp\/v2\/comments?post=234"}],"version-history":[{"count":2,"href":"https:\/\/sistercatblankets.com\/index.php\/wp-json\/wp\/v2\/pages\/234\/revisions"}],"predecessor-version":[{"id":2487,"href":"https:\/\/sistercatblankets.com\/index.php\/wp-json\/wp\/v2\/pages\/234\/revisions\/2487"}],"wp:attachment":[{"href":"https:\/\/sistercatblankets.com\/index.php\/wp-json\/wp\/v2\/media?parent=234"}],"curies":[{"name":"wp","href":"https:\/\/api.w.org\/{rel}","templated":true}]}}