{"id":1136,"date":"2020-12-14T16:08:52","date_gmt":"2020-12-14T15:08:52","guid":{"rendered":"http:\/\/wgoylty.cluster100.hosting.ovh.net\/?post_type=product&#038;p=1136"},"modified":"2020-12-14T16:18:35","modified_gmt":"2020-12-14T15:18:35","slug":"mitaines-compressives","status":"publish","type":"product","link":"https:\/\/sistercatblankets.com\/index.php\/produit\/mitaines-compressives","title":{"rendered":"Mitaines compressives"},"content":{"rendered":"<p>Mitaines compressives sur mesure<\/p>\n<p>Tissu \u00ab\u00a0jersey sweat\u00a0\u00bb gris bleu<\/p>\n<p>Prix: 100\u20ac<\/p>\n<p>Dimensions \u00e0 retenir:<\/p>\n<div>\n<div class=\"css-1dbjc4n r-eqz5dr r-l4nmg1\">\n<div class=\"css-1dbjc4n r-1habvwh r-7q8q6z r-1ny4l3l\" tabindex=\"0\" aria-expanded=\"false\" data-focusable=\"true\" data-testid=\"messageEntry\">\n<div class=\"css-1dbjc4n r-1euycsn r-17s6mgv r-13qz1uu\">\n<div class=\"css-1dbjc4n r-1habvwh r-1wbh5a2\">\n<div class=\"css-1dbjc4n r-k200y r-z1a2ur r-pm2fo r-1bs4hfb r-1867qdf r-ou6ah9 r-deolkf r-dnmrzs r-1ny4l3l r-1j3t67a r-1w50u8q r-o7ynqc r-6416eg\" role=\"presentation\">\n<div class=\"css-901oao r-18jsvk2 r-1qd0xha r-a023e6 r-16dba41 r-ad9z0x r-bcqeeo r-1udh08x r-bnwqim r-fdjqy7 r-qvutc0\" dir=\"auto\"><span class=\"css-901oao css-16my406 r-1qd0xha r-ad9z0x r-bcqeeo r-qvutc0\">circonf\u00e9rence du bras avec le muscle non band\u00e9 28cm<\/span><\/div>\n<\/div>\n<\/div>\n<\/div>\n<\/div>\n<\/div>\n<\/div>\n<div>\n<div class=\"css-1dbjc4n r-eqz5dr r-l4nmg1\">\n<div class=\"css-1dbjc4n r-1habvwh r-7q8q6z r-1ny4l3l\" tabindex=\"0\" aria-expanded=\"false\" data-focusable=\"true\" data-testid=\"messageEntry\">\n<div class=\"css-1dbjc4n r-1euycsn r-17s6mgv r-13qz1uu\">\n<div class=\"css-1dbjc4n r-1habvwh r-1wbh5a2\">\n<div class=\"css-1dbjc4n r-k200y r-z1a2ur r-pm2fo r-1bs4hfb r-1867qdf r-ou6ah9 r-deolkf r-dnmrzs r-1ny4l3l r-1j3t67a r-1w50u8q r-o7ynqc r-6416eg\" role=\"presentation\">\n<div class=\"css-901oao r-18jsvk2 r-1qd0xha r-a023e6 r-16dba41 r-ad9z0x r-bcqeeo r-1udh08x r-bnwqim r-fdjqy7 r-qvutc0\" dir=\"auto\"><span class=\"css-901oao css-16my406 r-1qd0xha r-ad9z0x r-bcqeeo r-qvutc0\">circonf\u00e9rence du poignet 17 cm<\/span><\/div>\n<\/div>\n<\/div>\n<\/div>\n<\/div>\n<\/div>\n<\/div>\n<div class=\"css-1dbjc4n r-1habvwh r-1wbh5a2\">\n<div class=\"css-1dbjc4n r-k200y r-z1a2ur r-pm2fo r-1bs4hfb r-1867qdf r-ou6ah9 r-deolkf r-dnmrzs r-1ny4l3l r-1j3t67a r-1w50u8q r-o7ynqc r-6416eg\" role=\"presentation\">\n<div class=\"css-901oao r-18jsvk2 r-1qd0xha r-a023e6 r-16dba41 r-ad9z0x r-bcqeeo r-1udh08x r-bnwqim r-fdjqy7 r-qvutc0\" dir=\"auto\"><span class=\"css-901oao css-16my406 r-1qd0xha r-ad9z0x r-bcqeeo r-qvutc0\">circonf\u00e9rence de la main au niveau du creux de la paume 22,4 cm<\/span><\/div>\n<\/div>\n<\/div>\n","protected":false},"excerpt":{"rendered":"<p>Mitaines compressives sur mesure Tissu \u00ab\u00a0jersey sweat\u00a0\u00bb gris bleu Prix: 100\u20ac Dimensions \u00e0 retenir: circonf\u00e9rence du bras avec le muscle non band\u00e9 28cm circonf\u00e9rence du poignet 17 cm circonf\u00e9rence de la main au niveau du creux de la paume 22,4 cm<\/p>\n","protected":false},"featured_media":315,"comment_status":"closed","ping_status":"closed","template":"","meta":{"site-sidebar-layout":"default","site-content-layout":"","ast-site-content-layout":"","site-content-style":"default","site-sidebar-style":"default","ast-global-header-display":"","ast-banner-title-visibility":"","ast-main-header-display":"","ast-hfb-above-header-display":"","ast-hfb-below-header-display":"","ast-hfb-mobile-header-display":"","site-post-title":"","ast-breadcrumbs-content":"","ast-featured-img":"","footer-sml-layout":"","theme-transparent-header-meta":"","adv-header-id-meta":"","stick-header-meta":"","header-above-stick-meta":"","header-main-stick-meta":"","header-below-stick-meta":"","astra-migrate-meta-layouts":"default","ast-page-background-enabled":"default","ast-page-background-meta":{"desktop":{"background-color":"var(--ast-global-color-4)","background-image":"","background-repeat":"repeat","background-position":"center center","background-size":"auto","background-attachment":"scroll","background-type":"","background-media":"","overlay-type":"","overlay-color":"","overlay-opacity":"","overlay-gradient":""},"tablet":{"background-color":"","background-image":"","background-repeat":"repeat","background-position":"center center","background-size":"auto","background-attachment":"scroll","background-type":"","background-media":"","overlay-type":"","overlay-color":"","overlay-opacity":"","overlay-gradient":""},"mobile":{"background-color":"","background-image":"","background-repeat":"repeat","background-position":"center center","background-size":"auto","background-attachment":"scroll","background-type":"","background-media":"","overlay-type":"","overlay-color":"","overlay-opacity":"","overlay-gradient":""}},"ast-content-background-meta":{"desktop":{"background-color":"var(--ast-global-color-5)","background-image":"","background-repeat":"repeat","background-position":"center center","background-size":"auto","background-attachment":"scroll","background-type":"","background-media":"","overlay-type":"","overlay-color":"","overlay-opacity":"","overlay-gradient":""},"tablet":{"background-color":"var(--ast-global-color-5)","background-image":"","background-repeat":"repeat","background-position":"center center","background-size":"auto","background-attachment":"scroll","background-type":"","background-media":"","overlay-type":"","overlay-color":"","overlay-opacity":"","overlay-gradient":""},"mobile":{"background-color":"var(--ast-global-color-5)","background-image":"","background-repeat":"repeat","background-position":"center center","background-size":"auto","background-attachment":"scroll","background-type":"","background-media":"","overlay-type":"","overlay-color":"","overlay-opacity":"","overlay-gradient":""}}},"product_brand":[],"product_cat":[15],"product_tag":[],"class_list":{"0":"post-1136","1":"product","2":"type-product","3":"status-publish","4":"has-post-thumbnail","6":"product_cat-non-classe","7":"product_shipping_class-enfant-ou-sans-poids","8":"desktop-align-left","9":"tablet-align-left","10":"mobile-align-left","12":"first","13":"outofstock","14":"shipping-taxable","15":"purchasable","16":"product-type-simple"},"_links":{"self":[{"href":"https:\/\/sistercatblankets.com\/index.php\/wp-json\/wp\/v2\/product\/1136","targetHints":{"allow":["GET"]}}],"collection":[{"href":"https:\/\/sistercatblankets.com\/index.php\/wp-json\/wp\/v2\/product"}],"about":[{"href":"https:\/\/sistercatblankets.com\/index.php\/wp-json\/wp\/v2\/types\/product"}],"replies":[{"embeddable":true,"href":"https:\/\/sistercatblankets.com\/index.php\/wp-json\/wp\/v2\/comments?post=1136"}],"wp:featuredmedia":[{"embeddable":true,"href":"https:\/\/sistercatblankets.com\/index.php\/wp-json\/wp\/v2\/media\/315"}],"wp:attachment":[{"href":"https:\/\/sistercatblankets.com\/index.php\/wp-json\/wp\/v2\/media?parent=1136"}],"wp:term":[{"taxonomy":"product_brand","embeddable":true,"href":"https:\/\/sistercatblankets.com\/index.php\/wp-json\/wp\/v2\/product_brand?post=1136"},{"taxonomy":"product_cat","embeddable":true,"href":"https:\/\/sistercatblankets.com\/index.php\/wp-json\/wp\/v2\/product_cat?post=1136"},{"taxonomy":"product_tag","embeddable":true,"href":"https:\/\/sistercatblankets.com\/index.php\/wp-json\/wp\/v2\/product_tag?post=1136"}],"curies":[{"name":"wp","href":"https:\/\/api.w.org\/{rel}","templated":true}]}}