{"id":1738,"date":"2022-04-22T11:16:08","date_gmt":"2022-04-22T09:16:08","guid":{"rendered":"http:\/\/wgoylty.cluster100.hosting.ovh.net\/?post_type=product&#038;p=1738"},"modified":"2022-05-01T19:47:24","modified_gmt":"2022-05-01T17:47:24","slug":"couverture-lestee-personnalisee","status":"publish","type":"product","link":"https:\/\/sistercatblankets.com\/index.php\/produit\/couverture-lestee-personnalisee","title":{"rendered":"Couverture lest\u00e9e &#8211; Personnalis\u00e9e"},"content":{"rendered":"","protected":false},"excerpt":{"rendered":"<p>Les produits lest\u00e9s, gr\u00e2ce au poids r\u00e9parti sur tout le corps, apportent une sensation de calme lorsqu\u2019on les pose sur soi en stimulant le sens proprioceptif. Ils sont donc d\u2019une grande aide pour les personnes autistes, hyperactives, ou anxieuses, pour se calmer et pour am\u00e9liorer le sommeil.<\/p>\n<p>Les couvertures lest\u00e9es standard p\u00e8sent entre 4,5kg et 13kg. Elles sont en tissu 100% coton, mesurent 1m x 1,80m ou 1,20m x 1,80m et sont lest\u00e9es avec des micro-billes de verre. Toutefois, si vous voulez commander une couverture lest\u00e9e unique en son genre, c&rsquo;est tout \u00e0 fait possible !<\/p>\n<p id=\"block-07a09ca9-9acd-4869-b736-ac6d90d8a227\">Si vous souhaitez une couverture lest\u00e9e avec une ou plusieurs des modifications suivantes, <strong><em>n\u2019h\u00e9sitez pas \u00e0 me contacter<\/em><\/strong> :<\/p>\n<ul id=\"block-23c05e0a-06b9-4e65-aca5-5460e6f4a4c3\">\n<li>une autre taille (comme une couverture lest\u00e9e deux places)<\/li>\n<li>un autre tissu (que ce soit une autre mati\u00e8re ou un tissu \u00e0 motif)<\/li>\n<li>un autre poids (une couverture lest\u00e9e plus lourde que 13kg)<\/li>\n<li>un autre type de billes (comme des poly-pellets en plastique)<\/li>\n<li>du molleton ou du rembourrage\u2026<\/li>\n<\/ul>\n<p id=\"block-e8e3d149-8a11-41d8-bc3f-f1d4fbf8a6db\">Je ferai de mon mieux pour cr\u00e9er la couverture lest\u00e9e parfaite pour vous! <img decoding=\"async\" class=\"emoji\" role=\"img\" draggable=\"false\" src=\"https:\/\/s.w.org\/images\/core\/emoji\/13.1.0\/svg\/1f642.svg\" alt=\"????\" \/><\/p>\n[contact-form-7 id=\"361\" title=\"Formulaire de contact 1\"]\n","protected":false},"featured_media":296,"comment_status":"open","ping_status":"closed","template":"","meta":{"site-sidebar-layout":"default","site-content-layout":"","ast-site-content-layout":"","site-content-style":"default","site-sidebar-style":"default","ast-global-header-display":"","ast-banner-title-visibility":"","ast-main-header-display":"","ast-hfb-above-header-display":"","ast-hfb-below-header-display":"","ast-hfb-mobile-header-display":"","site-post-title":"","ast-breadcrumbs-content":"","ast-featured-img":"","footer-sml-layout":"","theme-transparent-header-meta":"","adv-header-id-meta":"","stick-header-meta":"","header-above-stick-meta":"","header-main-stick-meta":"","header-below-stick-meta":"","astra-migrate-meta-layouts":"default","ast-page-background-enabled":"default","ast-page-background-meta":{"desktop":{"background-color":"var(--ast-global-color-4)","background-image":"","background-repeat":"repeat","background-position":"center center","background-size":"auto","background-attachment":"scroll","background-type":"","background-media":"","overlay-type":"","overlay-color":"","overlay-opacity":"","overlay-gradient":""},"tablet":{"background-color":"","background-image":"","background-repeat":"repeat","background-position":"center center","background-size":"auto","background-attachment":"scroll","background-type":"","background-media":"","overlay-type":"","overlay-color":"","overlay-opacity":"","overlay-gradient":""},"mobile":{"background-color":"","background-image":"","background-repeat":"repeat","background-position":"center center","background-size":"auto","background-attachment":"scroll","background-type":"","background-media":"","overlay-type":"","overlay-color":"","overlay-opacity":"","overlay-gradient":""}},"ast-content-background-meta":{"desktop":{"background-color":"var(--ast-global-color-5)","background-image":"","background-repeat":"repeat","background-position":"center center","background-size":"auto","background-attachment":"scroll","background-type":"","background-media":"","overlay-type":"","overlay-color":"","overlay-opacity":"","overlay-gradient":""},"tablet":{"background-color":"var(--ast-global-color-5)","background-image":"","background-repeat":"repeat","background-position":"center center","background-size":"auto","background-attachment":"scroll","background-type":"","background-media":"","overlay-type":"","overlay-color":"","overlay-opacity":"","overlay-gradient":""},"mobile":{"background-color":"var(--ast-global-color-5)","background-image":"","background-repeat":"repeat","background-position":"center center","background-size":"auto","background-attachment":"scroll","background-type":"","background-media":"","overlay-type":"","overlay-color":"","overlay-opacity":"","overlay-gradient":""}}},"product_brand":[],"product_cat":[128],"product_tag":[],"class_list":{"0":"post-1738","1":"product","2":"type-product","3":"status-publish","4":"has-post-thumbnail","6":"product_cat-couverture-lestee","7":"product_shipping_class-taille-adulte","8":"desktop-align-left","9":"tablet-align-left","10":"mobile-align-left","12":"first","13":"instock","14":"virtual","15":"product-type-simple"},"_links":{"self":[{"href":"https:\/\/sistercatblankets.com\/index.php\/wp-json\/wp\/v2\/product\/1738","targetHints":{"allow":["GET"]}}],"collection":[{"href":"https:\/\/sistercatblankets.com\/index.php\/wp-json\/wp\/v2\/product"}],"about":[{"href":"https:\/\/sistercatblankets.com\/index.php\/wp-json\/wp\/v2\/types\/product"}],"replies":[{"embeddable":true,"href":"https:\/\/sistercatblankets.com\/index.php\/wp-json\/wp\/v2\/comments?post=1738"}],"wp:featuredmedia":[{"embeddable":true,"href":"https:\/\/sistercatblankets.com\/index.php\/wp-json\/wp\/v2\/media\/296"}],"wp:attachment":[{"href":"https:\/\/sistercatblankets.com\/index.php\/wp-json\/wp\/v2\/media?parent=1738"}],"wp:term":[{"taxonomy":"product_brand","embeddable":true,"href":"https:\/\/sistercatblankets.com\/index.php\/wp-json\/wp\/v2\/product_brand?post=1738"},{"taxonomy":"product_cat","embeddable":true,"href":"https:\/\/sistercatblankets.com\/index.php\/wp-json\/wp\/v2\/product_cat?post=1738"},{"taxonomy":"product_tag","embeddable":true,"href":"https:\/\/sistercatblankets.com\/index.php\/wp-json\/wp\/v2\/product_tag?post=1738"}],"curies":[{"name":"wp","href":"https:\/\/api.w.org\/{rel}","templated":true}]}}