{"id":63,"date":"2020-02-28T21:14:12","date_gmt":"2020-02-28T20:14:12","guid":{"rendered":"http:\/\/vps794604.ovh.net\/index.php\/produit\/couverture-lestee-taille-adulte\/"},"modified":"2026-03-04T13:43:54","modified_gmt":"2026-03-04T12:43:54","slug":"couverture-lestee-taille-adulte","status":"publish","type":"product","link":"https:\/\/sistercatblankets.com\/index.php\/produit\/couverture-lestee-taille-adulte","title":{"rendered":"Couverture lest\u00e9e &#8211; taille adulte"},"content":{"rendered":"","protected":false},"excerpt":{"rendered":"<p>Les produits lest\u00e9s, gr\u00e2ce au poids r\u00e9parti sur tout le corps, apportent une sensation de calme lorsqu\u2019on les pose sur soi en stimulant le sens proprioceptif. Ils sont donc d\u2019une grande aide pour les personnes autistes, hyperactives, ou anxieuses, pour se calmer et pour am\u00e9liorer le sommeil. Plus de d\u00e9tails sont disponibles dans la description ci dessous, et n&rsquo;h\u00e9sitez pas \u00e0 <a href=\"http:\/\/wgoylty.cluster100.hosting.ovh.net\/index.php\/f-a-q\"><em><strong>consulter la FAQ !<\/strong> <\/em><\/a>\u00a0\ud83d\ude42<\/p>\n<p>Cette fiche produit est pour une couverture lest\u00e9e taille adulte faite sur commande. Le d\u00e9lai moyen de fabrication est de 2 \u00e0 4 semaines pour une couverture lest\u00e9e, le d\u00e9lai exact peut varier selon la p\u00e9riode. Voici toutes les explications \ud83d\udc47<\/p>\n<p><strong>* Quelles sont les caract\u00e9ristiques de cette couverture lest\u00e9e ?<\/strong><\/p>\n<p>Les couvertures lest\u00e9es taille adulte sont des couvertures pesant entre 4,5kg et 9kg. Elles sont en tissu 100% coton, mesurent 1m x 1,80m et sont lest\u00e9es avec des micro-billes de verre.<\/p>\n<p><strong>* Quel poids et quel type de billes choisir pour ma couverture lest\u00e9e ?<\/strong><\/p>\n<p>Pour savoir combien votre couverture lest\u00e9e devrait peser, prenez 10 % de votre poids et ajoutez 500g. Par exemple, une personne pesant 60 kilos aurait besoin d\u2019une couverture pesant 6,5 kilos. Cependant, les adultes pr\u00e9f\u00e8rent parfois une couverture plus lourde que le poids recommand\u00e9 par cette formule.<\/p>\n<p>Les micro-billes de verre co\u00fbtent 0,5 euros pour 500g, ont la texture de grains de sable, font tr\u00e8s peu de bruit, et sont plus fra\u00eeches au toucher. Si vous souhaitez une couverture lest\u00e9e avec des poly-pellets en plastique, merci de demander une commande personnalis\u00e9e.<\/p>\n<p><strong>* Cette couverture lest\u00e9e est elle lavable en machine ?<\/strong><\/p>\n<p>Tous les mat\u00e9riaux utilis\u00e9s pour fabriquer une couverture lest\u00e9e sont compatibles avec les machines \u00e0 laver et les s\u00e9choirs, tant que la machine est adapt\u00e9e au poids de la couverture. Privil\u00e9giez un cycle doux, avec une temp\u00e9rature \u00e0 environ 30\u00b0C.<\/p>\n<p>Ces informations seront rappel\u00e9es sur l\u2019\u00e9tiquette de votre couverture. Si vous voulez pr\u00e9server votre couverture entre les lavages, vous pouvez utiliser une housse. De plus, si vous avez un chat, je conseille fortement de prot\u00e9ger votre couverture avec une housse.<\/p>\n<p><strong>* Je souhaite commander une couverture sp\u00e9ciale !<\/strong><\/p>\n<p>Si vous souhaitez une couverture avec une ou plusieurs des modifications suivantes, n\u2019h\u00e9sitez pas \u00e0 me contacter : une autre taille, un autre tissu, un autre poids, un ajout de rembourrage, un ajout de molleton &#8230; Je ferai de mon mieux pour cr\u00e9er une couverture lest\u00e9e que vous aimerez ! \ud83d\ude42<\/p>\n","protected":false},"featured_media":296,"comment_status":"open","ping_status":"closed","template":"","meta":{"site-sidebar-layout":"default","site-content-layout":"default","ast-site-content-layout":"default","site-content-style":"default","site-sidebar-style":"default","ast-global-header-display":"","ast-banner-title-visibility":"","ast-main-header-display":"","ast-hfb-above-header-display":"","ast-hfb-below-header-display":"","ast-hfb-mobile-header-display":"","site-post-title":"","ast-breadcrumbs-content":"","ast-featured-img":"","footer-sml-layout":"","theme-transparent-header-meta":"default","adv-header-id-meta":"","stick-header-meta":"","header-above-stick-meta":"","header-main-stick-meta":"","header-below-stick-meta":"","astra-migrate-meta-layouts":"set","ast-page-background-enabled":"default","ast-page-background-meta":{"desktop":{"background-color":"var(--ast-global-color-4)","background-image":"","background-repeat":"repeat","background-position":"center center","background-size":"auto","background-attachment":"scroll","background-type":"","background-media":"","overlay-type":"","overlay-color":"","overlay-opacity":"","overlay-gradient":""},"tablet":{"background-color":"","background-image":"","background-repeat":"repeat","background-position":"center center","background-size":"auto","background-attachment":"scroll","background-type":"","background-media":"","overlay-type":"","overlay-color":"","overlay-opacity":"","overlay-gradient":""},"mobile":{"background-color":"","background-image":"","background-repeat":"repeat","background-position":"center center","background-size":"auto","background-attachment":"scroll","background-type":"","background-media":"","overlay-type":"","overlay-color":"","overlay-opacity":"","overlay-gradient":""}},"ast-content-background-meta":{"desktop":{"background-color":"var(--ast-global-color-5)","background-image":"","background-repeat":"repeat","background-position":"center center","background-size":"auto","background-attachment":"scroll","background-type":"","background-media":"","overlay-type":"","overlay-color":"","overlay-opacity":"","overlay-gradient":""},"tablet":{"background-color":"var(--ast-global-color-5)","background-image":"","background-repeat":"repeat","background-position":"center center","background-size":"auto","background-attachment":"scroll","background-type":"","background-media":"","overlay-type":"","overlay-color":"","overlay-opacity":"","overlay-gradient":""},"mobile":{"background-color":"var(--ast-global-color-5)","background-image":"","background-repeat":"repeat","background-position":"center center","background-size":"auto","background-attachment":"scroll","background-type":"","background-media":"","overlay-type":"","overlay-color":"","overlay-opacity":"","overlay-gradient":""}}},"product_brand":[],"product_cat":[128],"product_tag":[],"class_list":{"0":"post-63","1":"product","2":"type-product","3":"status-publish","4":"has-post-thumbnail","6":"product_cat-couverture-lestee","7":"product_shipping_class-taille-adulte","8":"desktop-align-left","9":"tablet-align-left","10":"mobile-align-left","12":"first","13":"instock","14":"purchasable","15":"product-type-variable"},"_links":{"self":[{"href":"https:\/\/sistercatblankets.com\/index.php\/wp-json\/wp\/v2\/product\/63","targetHints":{"allow":["GET"]}}],"collection":[{"href":"https:\/\/sistercatblankets.com\/index.php\/wp-json\/wp\/v2\/product"}],"about":[{"href":"https:\/\/sistercatblankets.com\/index.php\/wp-json\/wp\/v2\/types\/product"}],"replies":[{"embeddable":true,"href":"https:\/\/sistercatblankets.com\/index.php\/wp-json\/wp\/v2\/comments?post=63"}],"wp:featuredmedia":[{"embeddable":true,"href":"https:\/\/sistercatblankets.com\/index.php\/wp-json\/wp\/v2\/media\/296"}],"wp:attachment":[{"href":"https:\/\/sistercatblankets.com\/index.php\/wp-json\/wp\/v2\/media?parent=63"}],"wp:term":[{"taxonomy":"product_brand","embeddable":true,"href":"https:\/\/sistercatblankets.com\/index.php\/wp-json\/wp\/v2\/product_brand?post=63"},{"taxonomy":"product_cat","embeddable":true,"href":"https:\/\/sistercatblankets.com\/index.php\/wp-json\/wp\/v2\/product_cat?post=63"},{"taxonomy":"product_tag","embeddable":true,"href":"https:\/\/sistercatblankets.com\/index.php\/wp-json\/wp\/v2\/product_tag?post=63"}],"curies":[{"name":"wp","href":"https:\/\/api.w.org\/{rel}","templated":true}]}}