{"id":65,"date":"2020-02-28T21:14:13","date_gmt":"2020-02-28T20:14:13","guid":{"rendered":"http:\/\/vps794604.ovh.net\/index.php\/produit\/couverture-lestee-taille-enfant\/"},"modified":"2024-03-28T15:06:01","modified_gmt":"2024-03-28T14:06:01","slug":"couverture-lestee-taille-enfant","status":"publish","type":"product","link":"https:\/\/sistercatblankets.com\/index.php\/produit\/couverture-lestee-taille-enfant","title":{"rendered":"Couverture lest\u00e9e &#8211; taille enfant"},"content":{"rendered":"","protected":false},"excerpt":{"rendered":"<p>Actuellement, il n&rsquo;est possible de commander une couverture lest\u00e9e taille enfant que en me contactant au pr\u00e9alable pour discuter du choix du tissu, ce que vous pouvez faire en utilisant le formulaire de contact ci-dessous !<\/p>\n<p>Plus de d\u00e9tails sont disponibles dans la description ci-dessous, et n&rsquo;h\u00e9sitez pas \u00e0 <a href=\"https:\/\/sistercatblankets.eu\/index.php\/f-a-q\/\"><em><strong>consulter la FAQ! <\/strong><\/em><\/a>????<\/p>\n<p>Cette fiche produit est pour une couverture lest\u00e9e taille enfant faite sur commande. (Les couvertures lest\u00e9es ne sont pas adapt\u00e9es pour les enfants de moins de 2 ans.) Voici toutes les explications ????<\/p>\n<p>* <strong>Quelles sont les caract\u00e9ristiques de cette couverture lest\u00e9e ?<\/strong><\/p>\n<p>Les couvertures lest\u00e9es taille enfant sont des couvertures pesant entre 1,5 kg et 4,5 kg. Elles sont en tissu 100% coton, mesurent 0,90 m x 1,40 m et sont lest\u00e9es avec des micro-billes de verre.<\/p>\n<p>* <strong>Quel poids et quel type de billes choisir pour ma couverture lest\u00e9e ?<\/strong><\/p>\n<p>Pour savoir combien la couverture lest\u00e9e devrait peser, prenez 10 % du poids de la personne qui va l&rsquo;utiliser et ajoutez 500g. Par exemple, une personne pesant 30 kilos aurait besoin d\u2019une couverture pesant 3,5 kilos.<\/p>\n<p>Les <strong>micro-billes de verre<\/strong> co\u00fbtent 0,5 euros pour 500 g, ont la texture de grains de sable, font tr\u00e8s peu de bruit, et sont plus fra\u00eeches au toucher. Si vous souhaitez une couverture lest\u00e9e avec des poly-pellets en plastique, merci de demander une commande personnalis\u00e9e.<\/p>\n<p>* <strong>Cette couverture lest\u00e9e est elle lavable en machine ?<\/strong><\/p>\n<p>Tous les mat\u00e9riaux utilis\u00e9s pour fabriquer une couverture lest\u00e9e sont compatibles avec les machines \u00e0 laver et les s\u00e9choirs, tant que la machine est adapt\u00e9e au poids de la couverture. Privil\u00e9giez un cycle doux, avec une temp\u00e9rature \u00e0 environ 30\u00b0C.<\/p>\n<p>Ces informations seront rappel\u00e9es sur l\u2019\u00e9tiquette de votre couverture. Si vous voulez pr\u00e9server votre couverture entre les lavages, vous pouvez utiliser une housse. De plus, si vous avez un chat, je conseille fortement de prot\u00e9ger votre couverture avec une housse.<\/p>\n<p>* <strong>Je souhaite commander une couverture sp\u00e9ciale !<\/strong><\/p>\n<p>Si vous souhaitez une couverture avec une ou plusieurs des modifications suivantes, n\u2019h\u00e9sitez pas \u00e0 me contacter : une autre taille, un autre tissu, un autre poids, un ajout de rembourrage, un ajout de molleton &#8230; Je ferai de mon mieux pour cr\u00e9er une couverture lest\u00e9e que vous aimerez ! \ud83d\ude42<\/p>\n[contact-form-7 id=\"361\" title=\"Formulaire de contact 1\"]\n","protected":false},"featured_media":297,"comment_status":"open","ping_status":"closed","template":"","meta":{"site-sidebar-layout":"default","site-content-layout":"","ast-site-content-layout":"default","site-content-style":"default","site-sidebar-style":"default","ast-global-header-display":"","ast-banner-title-visibility":"","ast-main-header-display":"","ast-hfb-above-header-display":"","ast-hfb-below-header-display":"","ast-hfb-mobile-header-display":"","site-post-title":"","ast-breadcrumbs-content":"","ast-featured-img":"","footer-sml-layout":"","theme-transparent-header-meta":"default","adv-header-id-meta":"","stick-header-meta":"","header-above-stick-meta":"","header-main-stick-meta":"","header-below-stick-meta":"","astra-migrate-meta-layouts":"set","ast-page-background-enabled":"default","ast-page-background-meta":{"desktop":{"background-color":"var(--ast-global-color-4)","background-image":"","background-repeat":"repeat","background-position":"center center","background-size":"auto","background-attachment":"scroll","background-type":"","background-media":"","overlay-type":"","overlay-color":"","overlay-opacity":"","overlay-gradient":""},"tablet":{"background-color":"","background-image":"","background-repeat":"repeat","background-position":"center center","background-size":"auto","background-attachment":"scroll","background-type":"","background-media":"","overlay-type":"","overlay-color":"","overlay-opacity":"","overlay-gradient":""},"mobile":{"background-color":"","background-image":"","background-repeat":"repeat","background-position":"center center","background-size":"auto","background-attachment":"scroll","background-type":"","background-media":"","overlay-type":"","overlay-color":"","overlay-opacity":"","overlay-gradient":""}},"ast-content-background-meta":{"desktop":{"background-color":"var(--ast-global-color-5)","background-image":"","background-repeat":"repeat","background-position":"center center","background-size":"auto","background-attachment":"scroll","background-type":"","background-media":"","overlay-type":"","overlay-color":"","overlay-opacity":"","overlay-gradient":""},"tablet":{"background-color":"var(--ast-global-color-5)","background-image":"","background-repeat":"repeat","background-position":"center center","background-size":"auto","background-attachment":"scroll","background-type":"","background-media":"","overlay-type":"","overlay-color":"","overlay-opacity":"","overlay-gradient":""},"mobile":{"background-color":"var(--ast-global-color-5)","background-image":"","background-repeat":"repeat","background-position":"center center","background-size":"auto","background-attachment":"scroll","background-type":"","background-media":"","overlay-type":"","overlay-color":"","overlay-opacity":"","overlay-gradient":""}}},"product_brand":[],"product_cat":[128],"product_tag":[],"class_list":{"0":"post-65","1":"product","2":"type-product","3":"status-publish","4":"has-post-thumbnail","6":"product_cat-couverture-lestee","7":"product_shipping_class-enfant-ou-sans-poids","8":"desktop-align-left","9":"tablet-align-left","10":"mobile-align-left","12":"first","13":"outofstock","14":"purchasable","15":"product-type-variable"},"_links":{"self":[{"href":"https:\/\/sistercatblankets.com\/index.php\/wp-json\/wp\/v2\/product\/65","targetHints":{"allow":["GET"]}}],"collection":[{"href":"https:\/\/sistercatblankets.com\/index.php\/wp-json\/wp\/v2\/product"}],"about":[{"href":"https:\/\/sistercatblankets.com\/index.php\/wp-json\/wp\/v2\/types\/product"}],"replies":[{"embeddable":true,"href":"https:\/\/sistercatblankets.com\/index.php\/wp-json\/wp\/v2\/comments?post=65"}],"wp:featuredmedia":[{"embeddable":true,"href":"https:\/\/sistercatblankets.com\/index.php\/wp-json\/wp\/v2\/media\/297"}],"wp:attachment":[{"href":"https:\/\/sistercatblankets.com\/index.php\/wp-json\/wp\/v2\/media?parent=65"}],"wp:term":[{"taxonomy":"product_brand","embeddable":true,"href":"https:\/\/sistercatblankets.com\/index.php\/wp-json\/wp\/v2\/product_brand?post=65"},{"taxonomy":"product_cat","embeddable":true,"href":"https:\/\/sistercatblankets.com\/index.php\/wp-json\/wp\/v2\/product_cat?post=65"},{"taxonomy":"product_tag","embeddable":true,"href":"https:\/\/sistercatblankets.com\/index.php\/wp-json\/wp\/v2\/product_tag?post=65"}],"curies":[{"name":"wp","href":"https:\/\/api.w.org\/{rel}","templated":true}]}}