{"id":66,"date":"2020-02-28T21:14:14","date_gmt":"2020-02-28T20:14:14","guid":{"rendered":"http:\/\/vps794604.ovh.net\/index.php\/produit\/coussin-leste\/"},"modified":"2024-02-27T11:06:54","modified_gmt":"2024-02-27T10:06:54","slug":"coussin-leste","status":"publish","type":"product","link":"https:\/\/sistercatblankets.com\/index.php\/produit\/coussin-leste","title":{"rendered":"Coussin lest\u00e9"},"content":{"rendered":"","protected":false},"excerpt":{"rendered":"<p>Actuellement, il n&rsquo;est possible de commander un coussin lest\u00e9 que en me contactant au pr\u00e9alable pour discuter du choix du tissu, ce que vous pouvez faire en utilisant le formulaire de contact ci-dessous !<\/p>\n<p>Plus de d\u00e9tails sont disponibles dans la description ci-dessous, et n&rsquo;h\u00e9sitez pas \u00e0 <a href=\"https:\/\/sistercatblankets.eu\/index.php\/f-a-q\/\"><em><strong>consulter la FAQ! <\/strong><\/em><\/a>????<\/p>\n<p>Cette fiche produit est pour un coussin lest\u00e9 fait sur commande. Un coussin lest\u00e9 est comme une mini couverture lest\u00e9e, il est fait en tissu 100% coton et mesure environ 55cm par 35cm. Il est donc environ 10x plus petit qu&rsquo;une couverture taille adulte. Il peut peser entre 500g et 3kg, et est lest\u00e9 avec des micro-billes de verre.<\/p>\n<p>Pour un enfant, vous pouvez choisir un coussin entre 500g et 1kg, et pour un adulte entre 1kg et 3kg selon vos pr\u00e9f\u00e9rences.<\/p>\n<p>Vous pouvez poser un coussin lest\u00e9 sur vos genoux ou bien vos \u00e9paules. Ils sont plus discrets et plus faciles \u00e0 transporter qu&rsquo;une couverture lest\u00e9e de taille typique, et sont plus adapt\u00e9s \u00e0 un usage en journ\u00e9e.<\/p>\n[contact-form-7 id=\"361\" title=\"Formulaire de contact 1\"]\n","protected":false},"featured_media":300,"comment_status":"open","ping_status":"closed","template":"","meta":{"site-sidebar-layout":"default","site-content-layout":"default","ast-site-content-layout":"default","site-content-style":"default","site-sidebar-style":"default","ast-global-header-display":"","ast-banner-title-visibility":"","ast-main-header-display":"","ast-hfb-above-header-display":"","ast-hfb-below-header-display":"","ast-hfb-mobile-header-display":"","site-post-title":"","ast-breadcrumbs-content":"","ast-featured-img":"","footer-sml-layout":"","theme-transparent-header-meta":"default","adv-header-id-meta":"","stick-header-meta":"","header-above-stick-meta":"","header-main-stick-meta":"","header-below-stick-meta":"","astra-migrate-meta-layouts":"set","ast-page-background-enabled":"default","ast-page-background-meta":{"desktop":{"background-color":"var(--ast-global-color-4)","background-image":"","background-repeat":"repeat","background-position":"center center","background-size":"auto","background-attachment":"scroll","background-type":"","background-media":"","overlay-type":"","overlay-color":"","overlay-opacity":"","overlay-gradient":""},"tablet":{"background-color":"","background-image":"","background-repeat":"repeat","background-position":"center center","background-size":"auto","background-attachment":"scroll","background-type":"","background-media":"","overlay-type":"","overlay-color":"","overlay-opacity":"","overlay-gradient":""},"mobile":{"background-color":"","background-image":"","background-repeat":"repeat","background-position":"center center","background-size":"auto","background-attachment":"scroll","background-type":"","background-media":"","overlay-type":"","overlay-color":"","overlay-opacity":"","overlay-gradient":""}},"ast-content-background-meta":{"desktop":{"background-color":"var(--ast-global-color-5)","background-image":"","background-repeat":"repeat","background-position":"center center","background-size":"auto","background-attachment":"scroll","background-type":"","background-media":"","overlay-type":"","overlay-color":"","overlay-opacity":"","overlay-gradient":""},"tablet":{"background-color":"var(--ast-global-color-5)","background-image":"","background-repeat":"repeat","background-position":"center center","background-size":"auto","background-attachment":"scroll","background-type":"","background-media":"","overlay-type":"","overlay-color":"","overlay-opacity":"","overlay-gradient":""},"mobile":{"background-color":"var(--ast-global-color-5)","background-image":"","background-repeat":"repeat","background-position":"center center","background-size":"auto","background-attachment":"scroll","background-type":"","background-media":"","overlay-type":"","overlay-color":"","overlay-opacity":"","overlay-gradient":""}}},"product_brand":[],"product_cat":[127],"product_tag":[],"class_list":{"0":"post-66","1":"product","2":"type-product","3":"status-publish","4":"has-post-thumbnail","6":"product_cat-coussins","7":"product_shipping_class-coussin","8":"desktop-align-left","9":"tablet-align-left","10":"mobile-align-left","12":"first","13":"instock","14":"purchasable","15":"product-type-variable","16":"has-default-attributes"},"_links":{"self":[{"href":"https:\/\/sistercatblankets.com\/index.php\/wp-json\/wp\/v2\/product\/66","targetHints":{"allow":["GET"]}}],"collection":[{"href":"https:\/\/sistercatblankets.com\/index.php\/wp-json\/wp\/v2\/product"}],"about":[{"href":"https:\/\/sistercatblankets.com\/index.php\/wp-json\/wp\/v2\/types\/product"}],"replies":[{"embeddable":true,"href":"https:\/\/sistercatblankets.com\/index.php\/wp-json\/wp\/v2\/comments?post=66"}],"wp:featuredmedia":[{"embeddable":true,"href":"https:\/\/sistercatblankets.com\/index.php\/wp-json\/wp\/v2\/media\/300"}],"wp:attachment":[{"href":"https:\/\/sistercatblankets.com\/index.php\/wp-json\/wp\/v2\/media?parent=66"}],"wp:term":[{"taxonomy":"product_brand","embeddable":true,"href":"https:\/\/sistercatblankets.com\/index.php\/wp-json\/wp\/v2\/product_brand?post=66"},{"taxonomy":"product_cat","embeddable":true,"href":"https:\/\/sistercatblankets.com\/index.php\/wp-json\/wp\/v2\/product_cat?post=66"},{"taxonomy":"product_tag","embeddable":true,"href":"https:\/\/sistercatblankets.com\/index.php\/wp-json\/wp\/v2\/product_tag?post=66"}],"curies":[{"name":"wp","href":"https:\/\/api.w.org\/{rel}","templated":true}]}}